{"id":2258,"date":"2017-09-16T20:59:55","date_gmt":"2017-09-16T20:59:55","guid":{"rendered":"http:\/\/coophee.com\/?page_id=2258"},"modified":"2020-12-09T11:00:10","modified_gmt":"2020-12-09T10:00:10","slug":"my-coffee-shop-about","status":"publish","type":"page","link":"https:\/\/coophee.com\/en\/my-coffee-shop-about\/","title":{"rendered":"Impressum"},"content":{"rendered":"<p>[vc_section full_width=&#8220;stretch_row&#8220;][vc_row][vc_column width=&#8220;1\/2&#8243;][vc_empty_space][vc_column_text]<strong>Website Hosting<\/strong><\/p>\n<p>Die Seite www.coophee .com (die \u201cSeite\u201d) wird betrieben von Kafka International GmbH, eingetragen im Handelsregister M\u00fcnchen HRB 236103\u00a0 mit Sitz in M\u00fcnchen, Utzschneiderstr. 2, 80469 M\u00fcnchen &#8211; Telefon: 089 999 35 65 7<\/p>\n<p>Steuernummer: 147\/153\/11390<\/p>\n<p>Der Gesch\u00e4ftsf\u00fchrer der Kafka International GmbH \u00a0und Herausgeber ist Herr Robert W\u00fchrl<\/p>\n<p>F\u00fcr das Hosting der Seite ist die Kafka International GmbH \u00a0verantwortlich, mit Gesch\u00e4ftssitz in M\u00fcnchen, Utzschneiderstr. 2 in 80469 M\u00fcnchen<\/p>\n<p>Der Zugriff auf die Seite und die Nutzung ihres Inhalts erfolgt im Rahmen der\u00a0 aufgef\u00fchrten Nutzungsbedingungen in der AGB und der Datenschutzverordnung.\u00a0 Der Zugriff auf die Seite und das Navigieren auf der Seite stellen die vorbehaltlose Annahme der folgenden Bestimmungen durch den Nutzer dar.<\/p>\n<p>coophee.com ist ein Angebot der<\/p>\n<p>Kafka International GmbH<\/p>\n<p>Utzschneiderstra\u00dfe 2<\/p>\n<p>80331 M\u00fcnchen<\/p>\n<p>Vertreten durch<\/p>\n<p>Gesch\u00e4ftsf\u00fchrer, Herrn Robert W\u00fchrl<\/p>\n<p>Verantwortlich<\/p>\n<p class=\"text-justify\">im Sinne des \u00a7 55 Abs. 2 RStV ist Robert W\u00fchrl<\/p>\n<p>&nbsp;<\/p>\n<h5>KONTAKT<\/h5>\n<p class=\"text-justify\"><i class=\"fa fa-fax\"><\/i>\u00a0+49 (0) 89 23 23 79 58<\/p>\n<p>Montag &#8211; Freitag, 08:00 &#8211; 17:00 Uhr<\/p>\n<p class=\"text-justify\">info@kafka-international.com<\/p>\n<p class=\"text-justify\">www.kafka-international.com<\/p>\n<p>&nbsp;<\/p>\n<h5>REGISTEREINTRAG<\/h5>\n<p class=\"text-justify\">Eintragung im Handelsregister.<br \/>\nRegistergericht: M\u00fcnchen<br \/>\nRegisternummer: HRB 236103<\/p>\n<p>Umsatzsteuer-Identifikationsnummer gem\u00e4\u00df \u00a727a<\/p>\n<p>Umsatzsteuergesetz: 92645788<\/p>\n<p class=\"text-justify\">Wir sind nicht bereit oder verpflichtet, an Streitbeilegungsverfahren vor einer Verbraucherschlichtungsstelle teilzunehmen.<\/p>\n<p>[\/vc_column_text][vc_empty_space]<div class=\"btn-wrap align-left btn-wrap-inline\"><a href=\"\"  class=\"btn  btn-default transform-default color-text-white color-hover-default align-left\" id=\"like_sc_button_17435063\">View products<\/a><\/div><div class=\"btn-wrap align-left btn-wrap-inline\"><a href=\"\"  class=\"btn  btn-black-filled transform-default color-text-white color-hover-default align-left\" id=\"like_sc_button_2029098296\">View products<\/a><\/div>[\/vc_column][vc_column width=&#8220;1\/2&#8243;][vc_empty_space height=&#8220;100px&#8220;]<a href=\"https:\/\/www.youtube.com\/watch?v=AEgjolzedrY\" class=\"swipebox image-video\" ><img src=\"https:\/\/coophee.com\/wp-content\/uploads\/2017\/09\/coffee_video.png\" class=\"image\" alt=\"\"><\/a>[\/vc_column][\/vc_row][vc_row][vc_column][vc_empty_space height=&#8220;64&#8243;][\/vc_column][\/vc_row][vc_row full_width=&#8220;stretch_row_content_no_spaces&#8220;][vc_column][vc_separator][\/vc_column][\/vc_row][vc_row][vc_column][vc_empty_space][\/vc_column][\/vc_row][\/vc_section][vc_section full_width=&#8220;stretch_row&#8220;][vc_row][vc_column]<ul class=\"block-icon  icon-top align-left i-transparent layout-cols4 row\" ><li class=\"col-lg-3 col-md-4 col-sm-6 col-ms-6 col-xs-12 matchHeight icon-image\"><span class=\"icon-image bg-transparent\"><img src=\"https:\/\/coophee.com\/wp-content\/uploads\/2017\/09\/about-icon-1.png\" class=\"icon-image\" alt=\"The best World sorts\"><\/span> <h4> The best World sorts <\/h4> <div class=\"descr\">Sed sagittis sodales lobortis. Curabitur in eleifend turpis, id vehicula odio. Donec pulvinar tellus eget magna aliquet ultricies. <\/div><\/li><li class=\"col-lg-3 col-md-4 col-sm-6 col-ms-6 col-xs-12 matchHeight icon-image\"><span class=\"icon-image bg-transparent\"><img src=\"https:\/\/coophee.com\/wp-content\/uploads\/2017\/09\/about-icon-2.png\" class=\"icon-image\" alt=\"Many points of sale\"><\/span> <h4> Many points of sale <\/h4> <div class=\"descr\">Sed sagittis sodales lobortis. Curabitur in eleifend turpis, id vehicula odio. Donec pulvinar tellus eget magna aliquet ultricies. <\/div><\/li><li class=\"col-lg-3 col-md-4 col-sm-6 col-ms-6 col-xs-12 matchHeight icon-image\"><span class=\"icon-image bg-transparent\"><img src=\"https:\/\/coophee.com\/wp-content\/uploads\/2017\/09\/about-icon-3.png\" class=\"icon-image\" alt=\"Professional baristas\"><\/span> <h4> Professional baristas <\/h4> <div class=\"descr\">Sed sagittis sodales lobortis. Curabitur in eleifend turpis, id vehicula odio. Donec pulvinar tellus eget magna aliquet ultricies. <\/div><\/li><li class=\"col-lg-3 col-md-4 col-sm-6 col-ms-6 col-xs-12 matchHeight icon-image\"><span class=\"icon-image bg-transparent\"><img src=\"https:\/\/coophee.com\/wp-content\/uploads\/2017\/09\/about-icon-4.png\" class=\"icon-image\" alt=\"24\/7 fast delivery\"><\/span> <h4> 24\/7 fast delivery <\/h4> <div class=\"descr\">Sed sagittis sodales lobortis. Curabitur in eleifend turpis, id vehicula odio. Donec pulvinar tellus eget magna aliquet ultricies. <\/div><\/li><\/ul>[vc_empty_space][\/vc_column][\/vc_row][\/vc_section][vc_section full_width=&#8220;stretch_row&#8220; parallax=&#8220;content-moving&#8220; bg_color_select=&#8220;black&#8220; css=&#8220;.vc_custom_1505600523557{background-image: url(http:\/\/coophee.com\/wp-content\/uploads\/2017\/09\/Rectangle-27-copy-2.jpg?id=2280) !important;background-position: 0 0 !important;background-repeat: no-repeat !important;}&#8220;][vc_row][vc_column]<div class=\"es-resp\">\t<div class=\"hidden-sm hidden-ms hidden-xs\" style=\"height: 36px;\"><\/div>\t<div class=\"hidden-xl hidden-lg hidden-md hidden-xs\" style=\"height: 16px;\"><\/div>\t<div class=\"visible-xs\" style=\"height: 0px;\"><\/div><\/div><div class=\"heading  head-subheader align-center color-white subcolor-main transform-default   vc_custom_1505600406506\" id=\"like_sc_header_670898922\"><h5 class=\"subheader\">Our clients say<\/h5><h2 class=\"header\">Our Skills<\/h2><\/div><div class=\"row\">\r\n\t\t\t<div class=\"col-md-3 col-sm-6 col-ms-6 center-flex\">\r\n\t\t\t\t<div class=\"countUp-item matchHeight\">\r\n\t\t\t\t\t<span class=\"header-xlg  color-main countUp\" id=\"like_sc_header_81078241-0\">380<\/span>\r\n\t\t\t\t\t<h4 class=\"white\">Online Stores<\/h4>\r\n\t\t\t\t\t<div class=\"descr white\">Sed sagittis sodales lobortis. Curabitur in eleifend turpis, id vehicula odio. <\/div>\r\n\t\t\t\t<\/div>\r\n\t\t\t<\/div>\r\n\t\t\t<div class=\"col-md-3 col-sm-6 col-ms-6 center-flex\">\r\n\t\t\t\t<div class=\"countUp-item matchHeight\">\r\n\t\t\t\t\t<span class=\"header-xlg  color-main countUp\" id=\"like_sc_header_81078241-1\">19<\/span>\r\n\t\t\t\t\t<h4 class=\"white\">Pruduct Types<\/h4>\r\n\t\t\t\t\t<div class=\"descr white\">Nunc eu quam venenatis, dapibus elit a, feugiat est. Aenean in posuere tellus. <\/div>\r\n\t\t\t\t<\/div>\r\n\t\t\t<\/div>\r\n\t\t\t<div class=\"col-md-3 col-sm-6 col-ms-6 center-flex\">\r\n\t\t\t\t<div class=\"countUp-item matchHeight\">\r\n\t\t\t\t\t<span class=\"header-xlg  color-main countUp\" id=\"like_sc_header_81078241-2\">12<\/span>\r\n\t\t\t\t\t<h4 class=\"white\">Years Experience<\/h4>\r\n\t\t\t\t\t<div class=\"descr white\">Sed sagittis sodales lobortis. Curabitur in eleifend turpis, id vehicula odio. <\/div>\r\n\t\t\t\t<\/div>\r\n\t\t\t<\/div>\r\n\t\t\t<div class=\"col-md-3 col-sm-6 col-ms-6 center-flex\">\r\n\t\t\t\t<div class=\"countUp-item matchHeight\">\r\n\t\t\t\t\t<span class=\"header-xlg  color-main countUp\" id=\"like_sc_header_81078241-3\">768<\/span>\r\n\t\t\t\t\t<h4 class=\"white\">Happy Buyers<\/h4>\r\n\t\t\t\t\t<div class=\"descr white\">Nunc eu quam venenatis, dapibus elit a, feugiat est. Aenean in posuere tellus. <\/div>\r\n\t\t\t\t<\/div>\r\n\t\t\t<\/div><\/div><div class=\"es-resp\">\t<div class=\"hidden-sm hidden-ms hidden-xs\" style=\"height: 115px;\"><\/div>\t<div class=\"hidden-xl hidden-lg hidden-md hidden-xs\" style=\"height: 50px;\"><\/div>\t<div class=\"visible-xs\" style=\"height: 40px;\"><\/div><\/div>[\/vc_column][\/vc_row][\/vc_section][vc_row][vc_column][vc_empty_space height=&#8220;110px&#8220;][\/vc_column][\/vc_row][vc_row][vc_column offset=&#8220;vc_col-lg-6 vc_col-md-12&#8243;]<div class=\"heading  heading-large align-left color-black transform-default\" id=\"like_sc_header_233080627\"><h3 class=\"header\">Sale and delivery points<\/h3><\/div>[vc_column_text]<\/p>\n<p style=\"text-align: left;\">Sed sagittis sodales lobortis. Curabitur in eleifend turpis, id vehicula odio. Donec pulvinartellus eget magna aliquet ultricies. Praesent gravida hendreritex, nec eleifend semconvallis vitae.<\/p>\n<p>[\/vc_column_text]<div class=\"heading  align-left color-main transform-default   vc_custom_1505482651206\" id=\"like_sc_header_1568314097\"><h4 class=\"header\">Where buy our coffee:<\/h4><\/div>[vc_row_inner][vc_column_inner width=&#8220;1\/3&#8243;][vc_column_text css=&#8220;.vc_custom_1507477002079{margin-top: 0px !important;margin-bottom: 11px !important;}&#8220;]<\/p>\n<ul class=\"ul-arrow\">\n<li style=\"text-align: left;\"><strong><a class=\"black\" href=\"#\">Canada<\/a><\/strong> (23)<\/li>\n<li style=\"text-align: left;\"><strong><a class=\"black\" href=\"#\">USA<\/a><\/strong> (67)<\/li>\n<li style=\"text-align: left;\"><strong><a class=\"black\" href=\"#\">Mexico<\/a><\/strong> (10)<\/li>\n<\/ul>\n<p>[\/vc_column_text][\/vc_column_inner][vc_column_inner width=&#8220;1\/3&#8243;][vc_column_text css=&#8220;.vc_custom_1507477008781{margin-bottom: 11px !important;}&#8220;]<\/p>\n<ul class=\"ul-arrow\">\n<li style=\"text-align: left;\"><strong><a class=\"black\" href=\"#\">Brazil<\/a><\/strong> (96)<\/li>\n<li style=\"text-align: left;\"><strong><a class=\"black\" href=\"#\">Argentina<\/a><\/strong> (43)<\/li>\n<li style=\"text-align: left;\"><strong><a class=\"black\" href=\"#\">Europe<\/a><\/strong> (379)<\/li>\n<\/ul>\n<p>[\/vc_column_text][\/vc_column_inner][vc_column_inner width=&#8220;1\/3&#8243;][vc_column_text css=&#8220;.vc_custom_1507477016114{margin-bottom: 11px !important;}&#8220;]<\/p>\n<ul class=\"ul-arrow\">\n<li style=\"text-align: left;\"><a class=\"black\" href=\"#\"><strong>Russia<\/strong> (2)<\/a><\/li>\n<li style=\"text-align: left;\"><a class=\"black\" href=\"#\"><strong>Asia<\/strong> (26)<\/a><\/li>\n<li style=\"text-align: left;\"><a class=\"black\" href=\"#\"><strong>Australia<\/strong> (71)<\/a><\/li>\n<\/ul>\n<p>[\/vc_column_text][\/vc_column_inner][\/vc_row_inner][vc_row_inner][vc_column_inner]<div class=\"es-resp\">\t<div class=\"hidden-sm hidden-ms hidden-xs\" style=\"height: 24px;\"><\/div>\t<div class=\"hidden-xl hidden-lg hidden-md hidden-xs\" style=\"height: 24px;\"><\/div>\t<div class=\"visible-xs\" style=\"height: 24px;\"><\/div><\/div><div class=\"btn-wrap\"><a href=\"#\"  class=\"btn  btn-default transform-default color-text-default color-hover-default\" id=\"like_sc_button_1144069612\">View all points<\/a><\/div>[\/vc_column_inner][\/vc_row_inner][vc_row_inner][vc_column_inner]<div class=\"es-resp\">\t<div class=\"hidden-sm hidden-ms hidden-xs\" style=\"height: 64px;\"><\/div>\t<div class=\"hidden-xl hidden-lg hidden-md hidden-xs\" style=\"height: 32px;\"><\/div>\t<div class=\"visible-xs\" style=\"height: 0px;\"><\/div><\/div>[\/vc_column_inner][\/vc_row_inner][\/vc_column][vc_column offset=&#8220;vc_col-lg-6 vc_col-md-12&#8243;]<div class=\"es-resp\">\t<div class=\"hidden-sm hidden-ms hidden-xs\" style=\"height: 80px;\"><\/div>\t<div class=\"hidden-xl hidden-lg hidden-md hidden-xs\" style=\"height: 0px;\"><\/div>\t<div class=\"visible-xs\" style=\"height: 0px;\"><\/div><\/div>[vc_single_image image=&#8220;2074&#8243; img_size=&#8220;full&#8220;][vc_empty_space height=&#8220;32&#8243;][\/vc_column][\/vc_row][vc_section full_width=&#8220;stretch_row&#8220;][vc_row][vc_column][vc_separator][\/vc_column][\/vc_row][vc_row][vc_column]<div class=\"es-resp\">\t<div class=\"hidden-sm hidden-ms hidden-xs\" style=\"height: 32px;\"><\/div>\t<div class=\"hidden-xl hidden-lg hidden-md hidden-xs\" style=\"height: 32px;\"><\/div>\t<div class=\"visible-xs\" style=\"height: 32px;\"><\/div><\/div>[\/vc_column][\/vc_row][vc_row][vc_column width=&#8220;1\/2&#8243; bg_pos=&#8220;right-bottom&#8220; theme_section=&#8220;bg-mobile-hide&#8220; css=&#8220;.vc_custom_1505586127723{background-image: url(http:\/\/coophee.com\/wp-content\/uploads\/2017\/09\/coffee-cup-1.png?id=2246) !important;}&#8220;]<div class=\"es-resp\">\t<div class=\"hidden-sm hidden-ms hidden-xs\" style=\"height: 32px;\"><\/div>\t<div class=\"hidden-xl hidden-lg hidden-md hidden-xs\" style=\"height: 32px;\"><\/div>\t<div class=\"visible-xs\" style=\"height: 32px;\"><\/div><\/div><div class=\"heading  align-left color-black transform-default   vc_custom_1505483610874\" id=\"like_sc_header_1993912463\"><h4 class=\"header\">More than<\/h4><\/div><div class=\"heading  heading-large align-left color-main transform-default   vc_custom_1505483833028\" id=\"like_sc_header_834797533\" style=\"font-size: 120px !important\" ><h2 style=\"font-size: 120px !important\"  class=\"header\">5400<\/h2><\/div><div class=\"heading  heading-large align-left color-black transform-default   vc_custom_1505483763164\" id=\"like_sc_header_1433991997\"><h3 class=\"header\">customers<\/h3><\/div><div class=\"heading  heading-large align-left color-black transform-default   vc_custom_1505484016444\" id=\"like_sc_header_1011613957\"><h3 class=\"header\">trust us<\/h3><\/div><div class=\"es-resp\">\t<div class=\"hidden-sm hidden-ms hidden-xs\" style=\"height: 64px;\"><\/div>\t<div class=\"hidden-xl hidden-lg hidden-md hidden-xs\" style=\"height: 64px;\"><\/div>\t<div class=\"visible-xs\" style=\"height: 64px;\"><\/div><\/div>[\/vc_column][vc_column width=&#8220;1\/2&#8243;]<div class=\"heading  heading-large align-left color-black transform-default\" id=\"like_sc_header_1494258649\"><h3 class=\"header\">Become our dealer<\/h3><\/div>[vc_column_text]<\/p>\n<p style=\"text-align: left;\">Curabitur sollicitudin ultrices tortor, eget pulvinar risus cursus eu. Vivamus sit amet odio massa. Vivamus dapibus elementum tellus nec fermentum. Sed blandit condimentum molestie. In hac habitasse platea dictumst. Etiam fringilla a elit at ornare.<\/p>\n<p>[\/vc_column_text][vc_empty_space height=&#8220;20px&#8220;]<div class=\"btn-wrap align-left btn-wrap-inline\"><a href=\"\"  class=\"btn  btn-black-filled transform-default color-text-white color-hover-default align-left\" id=\"like_sc_button_69932688\">Become a dealer<\/a><\/div><div class=\"btn-wrap align-left btn-wrap-inline\"><a href=\"\"  class=\"btn  btn-default transform-default color-text-white color-hover-default align-left\" id=\"like_sc_button_1813403699\">Contact us<\/a><\/div><div class=\"es-resp\">\t<div class=\"hidden-sm hidden-ms hidden-xs\" style=\"height: 140px;\"><\/div>\t<div class=\"hidden-xl hidden-lg hidden-md hidden-xs\" style=\"height: 80px;\"><\/div>\t<div class=\"visible-xs\" style=\"height: 80px;\"><\/div><\/div>[\/vc_column][\/vc_row][\/vc_section]<\/p>","protected":false},"excerpt":{"rendered":"<p>[vc_section full_width=&#8220;stretch_row&#8220;][vc_row][vc_column width=&#8220;1\/2&#8243;][vc_empty_space][vc_column_text]Website Hosting Die Seite www.coophee .com (die \u201cSeite\u201d) wird betrieben von Kafka International GmbH, eingetragen im Handelsregister M\u00fcnchen HRB 236103\u00a0 mit Sitz in M\u00fcnchen, Utzschneiderstr. 2, 80469 M\u00fcnchen &#8211; Telefon: 089 999 35 65 7 Steuernummer: 147\/153\/11390 Der Gesch\u00e4ftsf\u00fchrer der Kafka International GmbH \u00a0und Herausgeber ist Herr Robert W\u00fchrl F\u00fcr das Hosting der [&hellip;]<\/p>","protected":false},"author":1,"featured_media":0,"parent":0,"menu_order":0,"comment_status":"closed","ping_status":"closed","template":"","meta":[],"_links":{"self":[{"href":"https:\/\/coophee.com\/en\/wp-json\/wp\/v2\/pages\/2258"}],"collection":[{"href":"https:\/\/coophee.com\/en\/wp-json\/wp\/v2\/pages"}],"about":[{"href":"https:\/\/coophee.com\/en\/wp-json\/wp\/v2\/types\/page"}],"author":[{"embeddable":true,"href":"https:\/\/coophee.com\/en\/wp-json\/wp\/v2\/users\/1"}],"replies":[{"embeddable":true,"href":"https:\/\/coophee.com\/en\/wp-json\/wp\/v2\/comments?post=2258"}],"version-history":[{"count":5,"href":"https:\/\/coophee.com\/en\/wp-json\/wp\/v2\/pages\/2258\/revisions"}],"predecessor-version":[{"id":3047,"href":"https:\/\/coophee.com\/en\/wp-json\/wp\/v2\/pages\/2258\/revisions\/3047"}],"wp:attachment":[{"href":"https:\/\/coophee.com\/en\/wp-json\/wp\/v2\/media?parent=2258"}],"curies":[{"name":"wp","href":"https:\/\/api.w.org\/{rel}","templated":true}]}}